{"id":762,"date":"2018-07-19T19:17:53","date_gmt":"2018-07-19T17:17:53","guid":{"rendered":"https:\/\/www.ballon-gastrique.fr\/?page_id=762"},"modified":"2023-07-28T15:43:21","modified_gmt":"2023-07-28T13:43:21","slug":"team","status":"publish","type":"page","link":"https:\/\/www.ballon-gastrique.fr\/en\/let-meet\/team\/","title":{"rendered":"Team"},"content":{"rendered":"<h2>DR VIANNA COSTIL<\/h2>\n<p>Specialist doctor of the digestive system<\/p>\n<p>Former intern of Paris hospitals<\/p>\n<p>Former assistant clinical director<\/p>\n<p>Attached to the Avicenne hospital<\/p>\n<p>Holder of the DU of obesity medicine (H\u00f4tel-Dieu Paris hospital)<\/p>\n<p>Member of the administrative council of SNGFE (French National Society of Gastroenterology)<\/p>\n<p>Former general secretary of the CREGG (Club of reflection of the cabinets and groups of hepato gastrenterology)<\/p>\n<ul id=\"list-faq\">\n<li class=\"Wo-Before\">\n<h3>PUBLICATIONS<\/h3>\n<div class=\"inner\">\n<ul>\n<li>Costil 2018 : The gastric balloon : whiwh one, for whiwh result ? For what risk ?Symposium SFED endoscopieOb\u00e9sit\u00e9. ActaEndoscopica DOI 10.3166\/acen-2018-0011<\/li>\n<li>Branche J, Costil V : Endoscopy and obesity. Acta Endoscopica, 2016.,44,issue 6, 324-329<\/li>\n<li>Costil V : Place of the balloon in the care of. Acta endoscopica, 2014, 44, issue 6, 402-407<\/li>\n<li>Costil V, Raynauld JJ, BenamouzigR.Place of balloon in the care of morbid obesity in2012. Hepato-Gastro. Volume 19, Number 7, September 2012<\/li>\n<li>Costil V, Napol\u00e9on B. Technologic watch on endoscopic treatment for obesity in 2009\u20132010. ActaEndosc. (2011) 41:182-184<\/li>\n<li>Modigliani R, Colombel JF, Dapoigny M, Costil V, Veyrac M et Coll..Mesalamine in Chron\u2019s disease with steroid \u2013induced r\u00e9mission : effect on steroid withdrawal and remission maintenance, GETAID. Gastroenterology. 1996 Mar, 110(3)688-93<\/li>\n<li>Courillon Mallet A, Callebert J, Roucayrol AM, Costil V,Launayet coll.<br \/>\nArgyrophil cells, mast cells and histamine in the fundic mucosa of antrectomised patients.Scand J Gastroenteroly.1992, Aug 27 (8), 656-60<\/li>\n<li>Bonfils S, Rusnieski P, CostilV, Laucournet H et coll. Prolonged treatment of Zollinger Ellison syndrome by long acting somatostatine. Lancet 1986<\/li>\n<li>Modigliani R, Piedeloup C, Hecketsweiler P, Descos L, Lerebours E, Vernisse B, Costil V and coll. Effect of levamisole on the prevention of developmental flare-ups in quiescent Chron\u2019sdisease : a prospective multicenter controlled trial in 155 patients. Gastroenterol Clin Biol. 1983 (8-9), 683-92<\/li>\n<\/ul>\n<\/div>\n<\/li>\n<li class=\"Wo-Before\">\n<h3>CONGRESS<\/h3>\n<div class=\"inner\">\n<ul>\n<li style=\"list-style-type: none;\">\n<ul>\n<li>Costil V 2018 Symposium \u00ab Bariatric Endocscopy \u00bb of the SFED : The gastric balloon : shich one, for what results ?<\/li>\n<li>Costil V 2017 Non Invasiv International Symposium<\/li>\n<\/ul>\n<\/li>\n<\/ul>\n<p><strong>Follow-up in bariatric techniques with telemedicine (MethodCo):<\/strong><\/p>\n<ul>\n<li>Costil V (2017) Emission E=M6 les troubles de la digestion<\/li>\n<li>Costil V (2016) Congr\u00e8s du CREGG (Club de R\u00e9flexion des Cabinets et Groupes d\u2019H\u00e9pato-Gastroent\u00e9rologie : Ballons gastriques en 2016<\/li>\n<li>Costil V (2016) Ballons gastriques. Videodigest congr\u00e8s national de le Soci\u00e9t\u00e9 Fran\u00e7aise d\u2019Endoscopie Digestive (SFED)<\/li>\n<li>Costil V (2014) Prise en charge endoscopique de l\u2019ob\u00e9sit\u00e9 en 2014. Journ\u00e9e du Trocad\u00e9ro<\/li>\n<li>Costil V (2014) Place du ballon gastrique dans la prise en charge de l\u2019ob\u00e9sit\u00e9. Session endoscopie et imagerie. Journ\u00e9es Fran\u00e7aise d\u2019H\u00e9pato-gastroent\u00e9rologie et d\u2019Oncologie Digestive<\/li>\n<li>Costil V (2014) Ablation endoscopiques des anneaux migr\u00e9s. SOFFCO<\/li>\n<li>Costil V (2014) Place du ballon gastrique dans la prise en charge de l\u2019ob\u00e9sit\u00e9. Forum scientifique du CREGG<\/li>\n<li>Costil V (2012) Endobarrier : Bypass endoscopique ? Forum scientifique du CREGG<\/li>\n<li>Costil V (2012) Ablation d\u2019anneau gastrique par endoscopie. Actualit\u00e9s sur le ballon gastrique. Forum scientifique du CREGG<\/li>\n<li>Costil V (2011). Place du ballon gastrique dans la prise en charge de l\u2019ob\u00e9sit\u00e9. Forum scientifique du CREGG<\/li>\n<li>Costil V (2011) Ballons intragastrique pour ob\u00e9sit\u00e9 mod\u00e9r\u00e9e SOFFCO (Soci\u00e9t\u00e9 fran\u00e7aise de chirugie de l\u2019ob\u00e9sit\u00e9 et des maladies m\u00e9taboliques<\/li>\n<li>Tarrerias A-L (1), Costil V (1), Vicari F (2), LetardJ -C (3) et coll. (2010) Observatoire sur 297 patients IBS diarrh\u00e9iques. Effet du Lactobacillus LB inactiv\u00e9s et milieu de culture ferment\u00e9 sur les sympt\u00f4mes. Journ\u00e9es Fran\u00e7aise d\u2019H\u00e9pato-gastro-ent\u00e9rologie et d\u2019Oncologie Digestive.<\/li>\n<li>Costil V (2010) Prospective study of the efficacy of the gastric balloon on the weight loss with a multidisciplinary approach.International Federation for the Surgery of Obesity.<\/li>\n<li>Costil V(1), Azam P (2) (2009). Etude de l&#8217;efficacit\u00e9 du ballon gastrique sur la perte de poids avec une prise en charge pluridisciplinaire. Journ\u00e9es Francophones d\u2019H\u00e9pato-gastroent\u00e9rologie et d\u2019Oncologie Digestive. In Gastroent\u00e9rologie Clinique et Biologique (Volume 33, Hors s\u00e9rie 1, pp. A61).<\/li>\n<\/ul>\n<\/div>\n<\/li>\n<\/ul>\n<p><a class=\"btn_default\" href=\"https:\/\/www.gastroenterologue-paris-defense.fr\/\" target=\"_blank\" rel=\"noopener\">Read more about Dr Vianna Costil<\/a><\/p>\n<div class=\"clear\"><\/div>\n","protected":false},"excerpt":{"rendered":"<p>DR VIANNA COSTIL Specialist doctor of the digestive system Former intern of Paris hospitals Former assistant clinical director Attached to the Avicenne hospital Holder of [&hellip;]<\/p>\n","protected":false},"author":1,"featured_media":3183,"parent":756,"menu_order":17,"comment_status":"closed","ping_status":"closed","template":"","meta":{"_acf_changed":false,"footnotes":""},"class_list":["post-762","page","type-page","status-publish","has-post-thumbnail","hentry"],"acf":[],"_links":{"self":[{"href":"https:\/\/www.ballon-gastrique.fr\/en\/wp-json\/wp\/v2\/pages\/762","targetHints":{"allow":["GET"]}}],"collection":[{"href":"https:\/\/www.ballon-gastrique.fr\/en\/wp-json\/wp\/v2\/pages"}],"about":[{"href":"https:\/\/www.ballon-gastrique.fr\/en\/wp-json\/wp\/v2\/types\/page"}],"author":[{"embeddable":true,"href":"https:\/\/www.ballon-gastrique.fr\/en\/wp-json\/wp\/v2\/users\/1"}],"replies":[{"embeddable":true,"href":"https:\/\/www.ballon-gastrique.fr\/en\/wp-json\/wp\/v2\/comments?post=762"}],"version-history":[{"count":5,"href":"https:\/\/www.ballon-gastrique.fr\/en\/wp-json\/wp\/v2\/pages\/762\/revisions"}],"predecessor-version":[{"id":2637,"href":"https:\/\/www.ballon-gastrique.fr\/en\/wp-json\/wp\/v2\/pages\/762\/revisions\/2637"}],"up":[{"embeddable":true,"href":"https:\/\/www.ballon-gastrique.fr\/en\/wp-json\/wp\/v2\/pages\/756"}],"wp:featuredmedia":[{"embeddable":true,"href":"https:\/\/www.ballon-gastrique.fr\/en\/wp-json\/wp\/v2\/media\/3183"}],"wp:attachment":[{"href":"https:\/\/www.ballon-gastrique.fr\/en\/wp-json\/wp\/v2\/media?parent=762"}],"curies":[{"name":"wp","href":"https:\/\/api.w.org\/{rel}","templated":true}]}}